{"id":792,"date":"2024-06-13T04:46:26","date_gmt":"2024-06-13T04:46:26","guid":{"rendered":"https:\/\/uat.vacif.com\/?page_id=792"},"modified":"2025-09-08T09:56:47","modified_gmt":"2025-09-08T02:56:47","slug":"giai-phap-dich-vu","status":"publish","type":"page","link":"https:\/\/vacif.com\/en\/giai-phap-dich-vu\/","title":{"rendered":"Solutions &#038; Services"},"content":{"rendered":"\n<div class=\"wp-block-essential-blocks-wrapper alignwide  root-eb-wrapper-fng4z\"><div class=\"eb-parent-wrapper eb-parent-eb-wrapper-fng4z \"><div class=\"eb-wrapper-outer eb-wrapper-fng4z\"><div class=\"eb-wrapper-inner\"><div class=\"eb-wrapper-inner-blocks eb-wrapper-align-center\">\n<div class=\"wp-block-essential-blocks-row  root-eb-row-kapn9\"><div class=\"eb-parent-wrapper eb-parent-eb-row-kapn9 \"><div class=\"eb-row-root-container eb-row-kapn9\" data-id=\"eb-row-kapn9\"><div class=\"eb-row-wrapper\"><div class=\"eb-row-inner\">\n<div class=\"wp-block-essential-blocks-column eb-box-shadow-10  root-eb-column-euexq\"><div class=\"eb-parent-wrapper eb-parent-eb-column-euexq \"><div class=\"eb-column-wrapper eb-column-euexq\"><div class=\"eb-column-inner\">\n<div class=\"wp-block-group is-nowrap is-layout-flex wp-container-core-group-is-layout-ad2f72ca wp-block-group-is-layout-flex\">\n<div class=\"wp-block-essential-blocks-icon  root-eb-icon-c89se\"><div class=\"eb-parent-wrapper eb-parent-eb-icon-c89se \"><div class=\"eb-icon-wrapper eb-icon-c89se eb-icon-view-default\" data-id=\"eb-icon-c89se\"><div class=\"eb-icon-container\"><i icon=\"fas fa-shield-halved\" class=\"fas fa-shield-halved \"><\/i><\/div><\/div><\/div><\/div>\n\n\n\n<h2 class=\"wp-block-heading\" style=\"font-size:30px\">Cybersecurity<\/h2>\n<\/div>\n\n\n\n<div class=\"wp-block-essential-blocks-text  root-eb-text-sag4j\"><div class=\"eb-parent-wrapper eb-parent-eb-text-sag4j \"><div class=\"eb-text-wrapper eb-text-sag4j\" data-id=\"eb-text-sag4j\"><p class=\"eb-text\">System security assessment<br>Firewall and intrusion detection\/prevention (IDS\/IPS)<br>24\/7 security monitoring (SOC)<br>VPN and Zero Trust solutions<br>Incident analysis and response<\/p><\/div><\/div><\/div>\n<\/div><\/div><\/div><\/div>\n\n\n\n<div class=\"wp-block-essential-blocks-column eb-box-shadow-10  root-eb-column-rvn3q\"><div class=\"eb-parent-wrapper eb-parent-eb-column-rvn3q \"><div class=\"eb-column-wrapper eb-column-rvn3q\"><div class=\"eb-column-inner\">\n<div class=\"wp-block-group is-nowrap is-layout-flex wp-container-core-group-is-layout-ad2f72ca wp-block-group-is-layout-flex\">\n<div class=\"wp-block-essential-blocks-icon  root-eb-icon-2hht0\"><div class=\"eb-parent-wrapper eb-parent-eb-icon-2hht0 \"><div class=\"eb-icon-wrapper eb-icon-2hht0 eb-icon-view-default\" data-id=\"eb-icon-2hht0\"><div class=\"eb-icon-container\"><i icon=\"fas fa-database\" class=\"fas fa-database \"><\/i><\/div><\/div><\/div><\/div>\n\n\n\n<h2 class=\"wp-block-heading\" style=\"font-size:30px\">Data Protection<\/h2>\n<\/div>\n\n\n\n<div class=\"wp-block-essential-blocks-text  root-eb-text-q9x7w\"><div class=\"eb-parent-wrapper eb-parent-eb-text-q9x7w \"><div class=\"eb-text-wrapper eb-text-q9x7w\" data-id=\"eb-text-q9x7w\"><p class=\"eb-text\">Comprehensive data encryption<br>Email and database security<br>Data leakage prevention solutions<br>Cloud data protection<br>Access control and permission management<\/p><\/div><\/div><\/div>\n<\/div><\/div><\/div><\/div>\n\n\n\n<div class=\"wp-block-essential-blocks-column eb-box-shadow-10  root-eb-column-9h3gy\"><div class=\"eb-parent-wrapper eb-parent-eb-column-9h3gy \"><div class=\"eb-column-wrapper eb-column-9h3gy\"><div class=\"eb-column-inner\">\n<div class=\"wp-block-group is-nowrap is-layout-flex wp-container-core-group-is-layout-ad2f72ca wp-block-group-is-layout-flex\">\n<div class=\"wp-block-essential-blocks-icon  root-eb-icon-5kbyf\"><div class=\"eb-parent-wrapper eb-parent-eb-icon-5kbyf \"><div class=\"eb-icon-wrapper eb-icon-5kbyf eb-icon-view-default\" data-id=\"eb-icon-5kbyf\"><div class=\"eb-icon-container\"><i icon=\"fas fa-server\" class=\"fas fa-server \"><\/i><\/div><\/div><\/div><\/div>\n\n\n\n<h2 class=\"wp-block-heading\" style=\"font-size:30px\">Backup and Recovery<\/h2>\n<\/div>\n\n\n\n<div class=\"wp-block-essential-blocks-text  root-eb-text-ikap3\"><div class=\"eb-parent-wrapper eb-parent-eb-text-ikap3 \"><div class=\"eb-text-wrapper eb-text-ikap3\" data-id=\"eb-text-ikap3\"><p class=\"eb-text\">Professional backup solutions<br>Disaster recovery<br>Cloud data backup and restoration<br>Data lifecycle management and long-term storage<br>Ensuring business continuity<\/p><\/div><\/div><\/div>\n<\/div><\/div><\/div><\/div>\n<\/div><\/div><\/div><\/div><\/div>\n\n\n\n<div class=\"wp-block-essential-blocks-row  root-eb-row-2xase\"><div class=\"eb-parent-wrapper eb-parent-eb-row-2xase \"><div class=\"eb-row-root-container eb-row-2xase\" data-id=\"eb-row-2xase\"><div class=\"eb-row-wrapper\"><div class=\"eb-row-inner\">\n<div class=\"wp-block-essential-blocks-column eb-box-shadow-10  root-eb-column-kf7z6\"><div class=\"eb-parent-wrapper eb-parent-eb-column-kf7z6 \"><div class=\"eb-column-wrapper eb-column-kf7z6\"><div class=\"eb-column-inner\">\n<div class=\"wp-block-group is-nowrap is-layout-flex wp-container-core-group-is-layout-ad2f72ca wp-block-group-is-layout-flex\">\n<div class=\"wp-block-essential-blocks-icon  root-eb-icon-a3bhb\"><div class=\"eb-parent-wrapper eb-parent-eb-icon-a3bhb \"><div class=\"eb-icon-wrapper eb-icon-a3bhb eb-icon-view-default\" data-id=\"eb-icon-a3bhb\"><div class=\"eb-icon-container\"><i icon=\"fas fa-user-shield\" class=\"fas fa-user-shield \"><\/i><\/div><\/div><\/div><\/div>\n\n\n\n<h2 class=\"wp-block-heading\" style=\"font-size:30px\">Information Security<\/h2>\n<\/div>\n\n\n\n<div class=\"wp-block-essential-blocks-text  root-eb-text-pu5zq\"><div class=\"eb-parent-wrapper eb-parent-eb-text-pu5zq \"><div class=\"eb-text-wrapper eb-text-pu5zq\" data-id=\"eb-text-pu5zq\"><p class=\"eb-text\">Consulting and developing information security strategies<br>Security awareness training for employees<br>Deployment of SIEM, SOC, and DLP systems<br>Compliance consulting (ISO 27001, NIST, GDPR, etc.)<br>24\/7 security monitoring services<\/p><\/div><\/div><\/div>\n<\/div><\/div><\/div><\/div>\n\n\n\n<div class=\"wp-block-essential-blocks-column eb-box-shadow-10  root-eb-column-m3vws\"><div class=\"eb-parent-wrapper eb-parent-eb-column-m3vws \"><div class=\"eb-column-wrapper eb-column-m3vws\"><div class=\"eb-column-inner\">\n<div class=\"wp-block-group is-nowrap is-layout-flex wp-container-core-group-is-layout-ad2f72ca wp-block-group-is-layout-flex\">\n<div class=\"wp-block-essential-blocks-icon  root-eb-icon-5snft\"><div class=\"eb-parent-wrapper eb-parent-eb-icon-5snft \"><div class=\"eb-icon-wrapper eb-icon-5snft eb-icon-view-default\" data-id=\"eb-icon-5snft\"><div class=\"eb-icon-container\"><i icon=\"fab fa-battle-net\" class=\"fab fa-battle-net \"><\/i><\/div><\/div><\/div><\/div>\n\n\n\n<h2 class=\"wp-block-heading\" style=\"font-size:30px\">Digital Infrastructure<\/h2>\n<\/div>\n\n\n\n<div class=\"wp-block-essential-blocks-text  root-eb-text-ka67q\"><div class=\"eb-parent-wrapper eb-parent-eb-text-ka67q \"><div class=\"eb-text-wrapper eb-text-ka67q\" data-id=\"eb-text-ka67q\"><p class=\"eb-text\">Physical infrastructure<br>Computer network \/ Wi-Fi<br>Servers and storage<br>CCTV surveillance cameras<br>Access control systems<br>IP\/Analog PBX systems<\/p><\/div><\/div><\/div>\n<\/div><\/div><\/div><\/div>\n\n\n\n<div class=\"wp-block-essential-blocks-column eb-box-shadow-10  root-eb-column-0ztce\"><div class=\"eb-parent-wrapper eb-parent-eb-column-0ztce \"><div class=\"eb-column-wrapper eb-column-0ztce\"><div class=\"eb-column-inner\">\n<div class=\"wp-block-group is-nowrap is-layout-flex wp-container-core-group-is-layout-ad2f72ca wp-block-group-is-layout-flex\">\n<div class=\"wp-block-essential-blocks-icon  root-eb-icon-a3nmf\"><div class=\"eb-parent-wrapper eb-parent-eb-icon-a3nmf \"><div class=\"eb-icon-wrapper eb-icon-a3nmf eb-icon-view-default\" data-id=\"eb-icon-a3nmf\"><div class=\"eb-icon-container\"><i icon=\"fas fa-screwdriver-wrench\" class=\"fas fa-screwdriver-wrench \"><\/i><\/div><\/div><\/div><\/div>\n\n\n\n<h2 class=\"wp-block-heading\" style=\"font-size:30px\">Administration and Maintenance<\/h2>\n<\/div>\n\n\n\n<div class=\"wp-block-essential-blocks-text  root-eb-text-h51sh\"><div class=\"eb-parent-wrapper eb-parent-eb-text-h51sh \"><div class=\"eb-text-wrapper eb-text-h51sh\" data-id=\"eb-text-h51sh\"><p class=\"eb-text\">Scheduled system maintenance (servers, network, security)<br>Remote administration and 24\/7 technical support<br>Managed IT infrastructure services (Managed Services)<\/p><\/div><\/div><\/div>\n<\/div><\/div><\/div><\/div>\n<\/div><\/div><\/div><\/div><\/div>\n\n\n\n<div style=\"height:30px\" aria-hidden=\"true\" class=\"wp-block-spacer\"><\/div>\n\n\n\n<h2 class=\"wp-block-heading has-text-align-center has-large-font-size\">Product-Based Solutions<\/h2>\n\n\n<div class=\"root-eb-post-grid-uj0pz wp-block-essential-blocks-post-grid\">\n    <div class=\"eb-parent-wrapper eb-parent-eb-post-grid-uj0pz \">\n        <div class=\"eb-post-grid-uj0pz style-1 eb-post-grid-wrapper\"\n            data-id=\"eb-post-grid-uj0pz\"\n            data-querydata=\"{&quot;source&quot;:&quot;post&quot;,&quot;sourceIndex&quot;:0,&quot;rest_base&quot;:&quot;posts&quot;,&quot;rest_namespace&quot;:&quot;wp\\\/v2&quot;,&quot;author&quot;:&quot;&quot;,&quot;taxonomies&quot;:{&quot;category&quot;:{&quot;name&quot;:&quot;Categories&quot;,&quot;rest_base&quot;:&quot;categories&quot;,&quot;rest_namespace&quot;:&quot;wp\\\/v2&quot;,&quot;slug&quot;:&quot;category&quot;,&quot;value&quot;:&quot;[{\\&quot;value\\&quot;:4,\\&quot;label\\&quot;:\\&quot;Gi\\u1ea3i ph\\u00e1p\\&quot;}]&quot;}},&quot;per_page&quot;:&quot;9&quot;,&quot;offset&quot;:&quot;0&quot;,&quot;orderby&quot;:&quot;date&quot;,&quot;order&quot;:&quot;desc&quot;,&quot;include&quot;:&quot;&quot;,&quot;exclude&quot;:&quot;&quot;,&quot;exclude_current&quot;:false,&quot;exclude_password_protected&quot;:false}\"\n            data-attributes=\"{&quot;thumbnailSize&quot;:&quot;full&quot;,&quot;loadMoreOptions&quot;:{&quot;totalPosts&quot;:20,&quot;enableMorePosts&quot;:true,&quot;loadMoreType&quot;:&quot;1&quot;,&quot;alignment&quot;:&quot;center&quot;,&quot;loadMoreButtonTxt&quot;:&quot;More&quot;},&quot;showSearch&quot;:false,&quot;showTaxonomyFilter&quot;:false,&quot;enableAjaxSearch&quot;:false,&quot;addIcon&quot;:false,&quot;iconPosition&quot;:&quot;left&quot;,&quot;icon&quot;:&quot;fas fa-chevron-right&quot;,&quot;preset&quot;:&quot;style-1&quot;,&quot;defaultFilter&quot;:&quot;all&quot;,&quot;version&quot;:&quot;v2&quot;,&quot;showBlockContent&quot;:true,&quot;showFallbackImg&quot;:false,&quot;fallbackImgUrl&quot;:&quot;&quot;,&quot;showThumbnail&quot;:true,&quot;showTitle&quot;:true,&quot;titleLength&quot;:&quot;&quot;,&quot;titleTag&quot;:&quot;h2&quot;,&quot;showContent&quot;:false,&quot;contentLength&quot;:20,&quot;expansionIndicator&quot;:&quot;...&quot;,&quot;showReadMore&quot;:false,&quot;readmoreText&quot;:&quot;Read More&quot;,&quot;showMeta&quot;:false,&quot;headerMeta&quot;:&quot;[{\\&quot;value\\&quot;:\\&quot;categories\\&quot;,\\&quot;label\\&quot;:\\&quot;Categories\\&quot;}]&quot;,&quot;footerMeta&quot;:&quot;[{\\&quot;value\\&quot;:\\&quot;date\\&quot;,\\&quot;label\\&quot;:\\&quot;Published Date\\&quot;}]&quot;,&quot;authorPrefix&quot;:&quot;by&quot;,&quot;datePrefix&quot;:&quot;on&quot;}\">\n\n            \n\n            <div class=\"eb-post-grid-posts-wrapper\"><article class=\"ebpg-grid-post ebpg-post-grid-column\" data-id=\"24093\"><div class=\"ebpg-grid-post-holder\"><div class=\"ebpg-entry-wrapper\"><div class=\"ebpg-entry-media\">\n                <div class=\"ebpg-entry-thumbnail\">\n                    <a class=\"ebpg-post-link-wrapper eb-sr-only\" href=\"https:\/\/vacif.com\/en\/proxmox-giai-phap-ao-hoa-hieu-qua-va-tiet-kiem-cho-doanh-nghiep-vua-va-nho-2\/\">Proxmox \u2013 Gi\u1ea3i ph\u00e1p \u1ea3o h\u00f3a hi\u1ec7u qu\u1ea3 v\u00e0 ti\u1ebft ki\u1ec7m cho doanh nghi\u1ec7p v\u1eeba v\u00e0 nh\u1ecf<\/a>\n                    <img loading=\"lazy\" decoding=\"async\" width=\"840\" height=\"800\" src=\"https:\/\/vacif.com\/en\/wp-content\/uploads\/sites\/3\/2025\/06\/Proxmox_logo-1.png\" class=\"attachment-full size-full\" alt=\"\" \/>\n                <\/div>\n            <\/div><header class=\"ebpg-entry-header\">\n            <h2 class=\"ebpg-entry-title\">\n                <a class=\"ebpg-grid-post-link\" href=\"https:\/\/vacif.com\/en\/proxmox-giai-phap-ao-hoa-hieu-qua-va-tiet-kiem-cho-doanh-nghiep-vua-va-nho-2\/\" title=\"proxmoxgiiphpohahiuquvtitkimchodoanhnghipvavnh\">Proxmox \u2013 Gi\u1ea3i ph\u00e1p \u1ea3o h\u00f3a hi\u1ec7u qu\u1ea3 v\u00e0 ti\u1ebft ki\u1ec7m cho doanh nghi\u1ec7p v\u1eeba v\u00e0 nh\u1ecf<\/a>\n            <\/h2>\n        <\/header><\/div><\/div><\/article><article class=\"ebpg-grid-post ebpg-post-grid-column\" data-id=\"23741\"><div class=\"ebpg-grid-post-holder\"><div class=\"ebpg-entry-wrapper\"><div class=\"ebpg-entry-media\">\n                <div class=\"ebpg-entry-thumbnail\">\n                    <a class=\"ebpg-post-link-wrapper eb-sr-only\" href=\"https:\/\/vacif.com\/en\/huong-dan-cau-hinh-watch-de-giam-sat-hanh-vi-tac-dong-den-file\/\">H\u01b0\u1edbng D\u1eabn C\u1ea5u H\u00ecnh Watch \u0110\u1ec3 Gi\u00e1m S\u00e1t H\u00e0nh Vi T\u00e1c \u0110\u1ed9ng \u0110\u1ebfn File<\/a>\n                    <img loading=\"lazy\" decoding=\"async\" width=\"974\" height=\"423\" src=\"https:\/\/vacif.com\/en\/wp-content\/uploads\/sites\/3\/2025\/06\/image-106.png\" class=\"attachment-full size-full\" alt=\"\" \/>\n                <\/div>\n            <\/div><header class=\"ebpg-entry-header\">\n            <h2 class=\"ebpg-entry-title\">\n                <a class=\"ebpg-grid-post-link\" href=\"https:\/\/vacif.com\/en\/huong-dan-cau-hinh-watch-de-giam-sat-hanh-vi-tac-dong-den-file\/\" title=\"hngdncuhnhwatchgimsthnhvitcngnfile\">H\u01b0\u1edbng D\u1eabn C\u1ea5u H\u00ecnh Watch \u0110\u1ec3 Gi\u00e1m S\u00e1t H\u00e0nh Vi T\u00e1c \u0110\u1ed9ng \u0110\u1ebfn File<\/a>\n            <\/h2>\n        <\/header><\/div><\/div><\/article><article class=\"ebpg-grid-post ebpg-post-grid-column\" data-id=\"22051\"><div class=\"ebpg-grid-post-holder\"><div class=\"ebpg-entry-wrapper\"><div class=\"ebpg-entry-media\">\n                <div class=\"ebpg-entry-thumbnail\">\n                    <a class=\"ebpg-post-link-wrapper eb-sr-only\" href=\"https:\/\/vacif.com\/en\/huong-dan-tong-quan-giao-dien-watch-management-app-de-dung-quan-ly\/\">H\u01b0\u1edbng D\u1eabn T\u1ed5ng Quan Giao Di\u1ec7n Watch Management App \u0110\u1ec3 D\u00f9ng Qu\u1ea3n L\u00fd<\/a>\n                    <img loading=\"lazy\" decoding=\"async\" width=\"975\" height=\"472\" src=\"https:\/\/vacif.com\/en\/wp-content\/uploads\/sites\/3\/2025\/05\/image-17.png\" class=\"attachment-full size-full\" alt=\"\" \/>\n                <\/div>\n            <\/div><header class=\"ebpg-entry-header\">\n            <h2 class=\"ebpg-entry-title\">\n                <a class=\"ebpg-grid-post-link\" href=\"https:\/\/vacif.com\/en\/huong-dan-tong-quan-giao-dien-watch-management-app-de-dung-quan-ly\/\" title=\"hngdntngquangiaodinwatchmanagementappdngqunl\">H\u01b0\u1edbng D\u1eabn T\u1ed5ng Quan Giao Di\u1ec7n Watch Management App \u0110\u1ec3 D\u00f9ng Qu\u1ea3n L\u00fd<\/a>\n            <\/h2>\n        <\/header><\/div><\/div><\/article><article class=\"ebpg-grid-post ebpg-post-grid-column\" data-id=\"22025\"><div class=\"ebpg-grid-post-holder\"><div class=\"ebpg-entry-wrapper\"><div class=\"ebpg-entry-media\">\n                <div class=\"ebpg-entry-thumbnail\">\n                    <a class=\"ebpg-post-link-wrapper eb-sr-only\" href=\"https:\/\/vacif.com\/en\/pulseway-giai-phap-quan-tri-he-thong-cong-nghe-thong-tin-tu-xa-toan-dien\/\">Pulseway \u2013 Gi\u1ea3i Ph\u00e1p Qu\u1ea3n Tr\u1ecb H\u1ec7 Th\u1ed1ng C\u00f4ng Ngh\u1ec7 Th\u00f4ng Tin T\u1eeb Xa To\u00e0n Di\u1ec7n<\/a>\n                    <img loading=\"lazy\" decoding=\"async\" width=\"1125\" height=\"812\" src=\"https:\/\/vacif.com\/en\/wp-content\/uploads\/sites\/3\/2025\/04\/pulseway.jpg\" class=\"attachment-full size-full\" alt=\"\" \/>\n                <\/div>\n            <\/div><header class=\"ebpg-entry-header\">\n            <h2 class=\"ebpg-entry-title\">\n                <a class=\"ebpg-grid-post-link\" href=\"https:\/\/vacif.com\/en\/pulseway-giai-phap-quan-tri-he-thong-cong-nghe-thong-tin-tu-xa-toan-dien\/\" title=\"pulsewaygiiphpquntrhthngcngnghthngtintxatondin\">Pulseway \u2013 Gi\u1ea3i Ph\u00e1p Qu\u1ea3n Tr\u1ecb H\u1ec7 Th\u1ed1ng C\u00f4ng Ngh\u1ec7 Th\u00f4ng Tin T\u1eeb Xa To\u00e0n Di\u1ec7n<\/a>\n            <\/h2>\n        <\/header><\/div><\/div><\/article><article class=\"ebpg-grid-post ebpg-post-grid-column\" data-id=\"21853\"><div class=\"ebpg-grid-post-holder\"><div class=\"ebpg-entry-wrapper\"><div class=\"ebpg-entry-media\">\n                <div class=\"ebpg-entry-thumbnail\">\n                    <a class=\"ebpg-post-link-wrapper eb-sr-only\" href=\"https:\/\/vacif.com\/en\/watch-ghi-nhat-ky-va-quan-ly-tai-san-cong-nghe-thong-tin-mot-cach-nhanh-chong-hieu-qua-de-thao-tac\/\">Watch \u2013 Ghi L\u1ea1i Nh\u1eadt K\u00fd v\u00e0 Qu\u1ea3n L\u00fd T\u00e0i S\u1ea3n C\u00f4ng Ngh\u1ec7 Th\u00f4ng Tin Cho Doanh Nghi\u1ec7p<\/a>\n                    <img loading=\"lazy\" decoding=\"async\" width=\"775\" height=\"773\" src=\"https:\/\/vacif.com\/en\/wp-content\/uploads\/sites\/3\/2025\/04\/Watch-\u2013-Ghi-Lai-Nhat-Ky-va-Quan-Ly-Tai-San-Cong-Nghe-Thong-Tin-Cho-Doanh-Nghiep.jpg\" class=\"attachment-full size-full\" alt=\"\" \/>\n                <\/div>\n            <\/div><header class=\"ebpg-entry-header\">\n            <h2 class=\"ebpg-entry-title\">\n                <a class=\"ebpg-grid-post-link\" href=\"https:\/\/vacif.com\/en\/watch-ghi-nhat-ky-va-quan-ly-tai-san-cong-nghe-thong-tin-mot-cach-nhanh-chong-hieu-qua-de-thao-tac\/\" title=\"watchghilinhtkvqunltisncngnghthngtinchodoanhnghip\">Watch \u2013 Ghi L\u1ea1i Nh\u1eadt K\u00fd v\u00e0 Qu\u1ea3n L\u00fd T\u00e0i S\u1ea3n C\u00f4ng Ngh\u1ec7 Th\u00f4ng Tin Cho Doanh Nghi\u1ec7p<\/a>\n            <\/h2>\n        <\/header><\/div><\/div><\/article><article class=\"ebpg-grid-post ebpg-post-grid-column\" data-id=\"21356\"><div class=\"ebpg-grid-post-holder\"><div class=\"ebpg-entry-wrapper\"><div class=\"ebpg-entry-media\">\n                <div class=\"ebpg-entry-thumbnail\">\n                    <a class=\"ebpg-post-link-wrapper eb-sr-only\" href=\"https:\/\/vacif.com\/en\/searchinform-giai-phap-quan-ly-rui-ro-va-tuan-thu-bao-mat-toan-dien-cho-doanh-nghiep\/\">Searchinform &#8211; Gi\u1ea3i Ph\u00e1p Qu\u1ea3n L\u00fd R\u1ee7i Ro V\u00e0 Tu\u00e2n Th\u1ee7 B\u1ea3o M\u1eadt To\u00e0n Di\u1ec7n Cho Doanh Nghi\u1ec7p<\/a>\n                    <img loading=\"lazy\" decoding=\"async\" width=\"600\" height=\"600\" src=\"https:\/\/vacif.com\/en\/wp-content\/uploads\/sites\/3\/2024\/12\/ANH-BIA-BLOG-1.png\" class=\"attachment-full size-full\" alt=\"\" \/>\n                <\/div>\n            <\/div><header class=\"ebpg-entry-header\">\n            <h2 class=\"ebpg-entry-title\">\n                <a class=\"ebpg-grid-post-link\" href=\"https:\/\/vacif.com\/en\/searchinform-giai-phap-quan-ly-rui-ro-va-tuan-thu-bao-mat-toan-dien-cho-doanh-nghiep\/\" title=\"searchinform-giiphpqunlrirovtunthbomttondinchodoanhnghip\">Searchinform &#8211; Gi\u1ea3i Ph\u00e1p Qu\u1ea3n L\u00fd R\u1ee7i Ro V\u00e0 Tu\u00e2n Th\u1ee7 B\u1ea3o M\u1eadt To\u00e0n Di\u1ec7n Cho Doanh Nghi\u1ec7p<\/a>\n            <\/h2>\n        <\/header><\/div><\/div><\/article><article class=\"ebpg-grid-post ebpg-post-grid-column\" data-id=\"869\"><div class=\"ebpg-grid-post-holder\"><div class=\"ebpg-entry-wrapper\"><div class=\"ebpg-entry-media\">\n                <div class=\"ebpg-entry-thumbnail\">\n                    <a class=\"ebpg-post-link-wrapper eb-sr-only\" href=\"https:\/\/vacif.com\/en\/giai-phap-bao-mat-may-chu-sophos-intercept-x-advanced-for-server-with-xdr-and-mdr\/\">Gi\u1ea3i ph\u00e1p b\u1ea3o m\u1eadt m\u00e1y ch\u1ee7 Sophos Intercept X Advanced for Server with XDR and MDR<\/a>\n                    <img loading=\"lazy\" decoding=\"async\" width=\"500\" height=\"300\" src=\"https:\/\/vacif.com\/en\/wp-content\/uploads\/sites\/3\/2024\/06\/Sophos-Intercept-X-Advanced-for-Server-with-XDR-and-MDR-500x300-1.jpg\" class=\"attachment-full size-full\" alt=\"\" \/>\n                <\/div>\n            <\/div><header class=\"ebpg-entry-header\">\n            <h2 class=\"ebpg-entry-title\">\n                <a class=\"ebpg-grid-post-link\" href=\"https:\/\/vacif.com\/en\/giai-phap-bao-mat-may-chu-sophos-intercept-x-advanced-for-server-with-xdr-and-mdr\/\" title=\"giiphpbomtmychsophosinterceptxadvancedforserverwithxdrandmdr\">Gi\u1ea3i ph\u00e1p b\u1ea3o m\u1eadt m\u00e1y ch\u1ee7 Sophos Intercept X Advanced for Server with XDR and MDR<\/a>\n            <\/h2>\n        <\/header><\/div><\/div><\/article><article class=\"ebpg-grid-post ebpg-post-grid-column\" data-id=\"866\"><div class=\"ebpg-grid-post-holder\"><div class=\"ebpg-entry-wrapper\"><div class=\"ebpg-entry-media\">\n                <div class=\"ebpg-entry-thumbnail\">\n                    <a class=\"ebpg-post-link-wrapper eb-sr-only\" href=\"https:\/\/vacif.com\/en\/giai-phap-chong-that-thoat-du-lieu-zecurion-dlp\/\">Gi\u1ea3i ph\u00e1p ch\u1ed1ng th\u1ea5t tho\u00e1t d\u1eef li\u1ec7u Zecurion DLP<\/a>\n                    <img loading=\"lazy\" decoding=\"async\" width=\"586\" height=\"300\" src=\"https:\/\/vacif.com\/en\/wp-content\/uploads\/sites\/3\/2024\/06\/Zecurion-DLP-500x300-1.jpg\" class=\"attachment-full size-full\" alt=\"\" \/>\n                <\/div>\n            <\/div><header class=\"ebpg-entry-header\">\n            <h2 class=\"ebpg-entry-title\">\n                <a class=\"ebpg-grid-post-link\" href=\"https:\/\/vacif.com\/en\/giai-phap-chong-that-thoat-du-lieu-zecurion-dlp\/\" title=\"giiphpchngthtthotdliuzecuriondlp\">Gi\u1ea3i ph\u00e1p ch\u1ed1ng th\u1ea5t tho\u00e1t d\u1eef li\u1ec7u Zecurion DLP<\/a>\n            <\/h2>\n        <\/header><\/div><\/div><\/article><article class=\"ebpg-grid-post ebpg-post-grid-column\" data-id=\"853\"><div class=\"ebpg-grid-post-holder\"><div class=\"ebpg-entry-wrapper\"><div class=\"ebpg-entry-media\">\n                <div class=\"ebpg-entry-thumbnail\">\n                    <a class=\"ebpg-post-link-wrapper eb-sr-only\" href=\"https:\/\/vacif.com\/en\/giai-phap-tuong-lua-the-he-moi-palo-alto-networks\/\">Gi\u1ea3i ph\u00e1p t\u01b0\u1eddng l\u1eeda th\u1ebf h\u1ec7 m\u1edbi Palo Alto Networks<\/a>\n                    <img loading=\"lazy\" decoding=\"async\" width=\"500\" height=\"300\" src=\"https:\/\/vacif.com\/en\/wp-content\/uploads\/sites\/3\/2024\/06\/Palo-Alto-Networks-500x300-1.jpg\" class=\"attachment-full size-full\" alt=\"\" \/>\n                <\/div>\n            <\/div><header class=\"ebpg-entry-header\">\n            <h2 class=\"ebpg-entry-title\">\n                <a class=\"ebpg-grid-post-link\" href=\"https:\/\/vacif.com\/en\/giai-phap-tuong-lua-the-he-moi-palo-alto-networks\/\" title=\"giiphptnglathhmipaloaltonetworks\">Gi\u1ea3i ph\u00e1p t\u01b0\u1eddng l\u1eeda th\u1ebf h\u1ec7 m\u1edbi Palo Alto Networks<\/a>\n            <\/h2>\n        <\/header><\/div><\/div><\/article><\/div><p class=\"eb-no-posts eb-loadmore-no-post\" style=\"display: none;\">No more posts<\/p><div class=\"ebpostgrid-pagination ebpg-pagination \"><button class=\"btn ebpg-pagination-button\" data-pagenumber=\"1\">More<\/button><\/div>        <\/div>\n    <\/div>\n<\/div>\n<\/div><\/div><\/div><\/div><\/div>\n","protected":false},"excerpt":{"rendered":"","protected":false},"author":7,"featured_media":0,"parent":0,"menu_order":0,"comment_status":"closed","ping_status":"closed","template":"","meta":{"_eb_attr":"","ocean_post_layout":"","ocean_both_sidebars_style":"","ocean_both_sidebars_content_width":0,"ocean_both_sidebars_sidebars_width":0,"ocean_sidebar":"","ocean_second_sidebar":"","ocean_disable_margins":"enable","ocean_add_body_class":"","ocean_shortcode_before_top_bar":"","ocean_shortcode_after_top_bar":"","ocean_shortcode_before_header":"","ocean_shortcode_after_header":"","ocean_has_shortcode":"","ocean_shortcode_after_title":"","ocean_shortcode_before_footer_widgets":"","ocean_shortcode_after_footer_widgets":"","ocean_shortcode_before_footer_bottom":"","ocean_shortcode_after_footer_bottom":"","ocean_display_top_bar":"default","ocean_display_header":"default","ocean_header_style":"","ocean_center_header_left_menu":"","ocean_custom_header_template":"","ocean_custom_logo":0,"ocean_custom_retina_logo":0,"ocean_custom_logo_max_width":0,"ocean_custom_logo_tablet_max_width":0,"ocean_custom_logo_mobile_max_width":0,"ocean_custom_logo_max_height":0,"ocean_custom_logo_tablet_max_height":0,"ocean_custom_logo_mobile_max_height":0,"ocean_header_custom_menu":"","ocean_menu_typo_font_family":"","ocean_menu_typo_font_subset":"","ocean_menu_typo_font_size":0,"ocean_menu_typo_font_size_tablet":0,"ocean_menu_typo_font_size_mobile":0,"ocean_menu_typo_font_size_unit":"px","ocean_menu_typo_font_weight":"","ocean_menu_typo_font_weight_tablet":"","ocean_menu_typo_font_weight_mobile":"","ocean_menu_typo_transform":"","ocean_menu_typo_transform_tablet":"","ocean_menu_typo_transform_mobile":"","ocean_menu_typo_line_height":0,"ocean_menu_typo_line_height_tablet":0,"ocean_menu_typo_line_height_mobile":0,"ocean_menu_typo_line_height_unit":"","ocean_menu_typo_spacing":0,"ocean_menu_typo_spacing_tablet":0,"ocean_menu_typo_spacing_mobile":0,"ocean_menu_typo_spacing_unit":"","ocean_menu_link_color":"","ocean_menu_link_color_hover":"","ocean_menu_link_color_active":"","ocean_menu_link_background":"","ocean_menu_link_hover_background":"","ocean_menu_link_active_background":"","ocean_menu_social_links_bg":"","ocean_menu_social_hover_links_bg":"","ocean_menu_social_links_color":"","ocean_menu_social_hover_links_color":"","ocean_disable_title":"enable","ocean_disable_heading":"default","ocean_post_title":"","ocean_post_subheading":"","ocean_post_title_style":"","ocean_post_title_background_color":"","ocean_post_title_background":0,"ocean_post_title_bg_image_position":"","ocean_post_title_bg_image_attachment":"","ocean_post_title_bg_image_repeat":"","ocean_post_title_bg_image_size":"","ocean_post_title_height":0,"ocean_post_title_bg_overlay":0.5,"ocean_post_title_bg_overlay_color":"","ocean_disable_breadcrumbs":"default","ocean_breadcrumbs_color":"","ocean_breadcrumbs_separator_color":"","ocean_breadcrumbs_links_color":"","ocean_breadcrumbs_links_hover_color":"","ocean_display_footer_widgets":"default","ocean_display_footer_bottom":"default","ocean_custom_footer_template":"","footnotes":""},"class_list":["post-792","page","type-page","status-publish","hentry","entry"],"_links":{"self":[{"href":"https:\/\/vacif.com\/en\/wp-json\/wp\/v2\/pages\/792","targetHints":{"allow":["GET"]}}],"collection":[{"href":"https:\/\/vacif.com\/en\/wp-json\/wp\/v2\/pages"}],"about":[{"href":"https:\/\/vacif.com\/en\/wp-json\/wp\/v2\/types\/page"}],"author":[{"embeddable":true,"href":"https:\/\/vacif.com\/en\/wp-json\/wp\/v2\/users\/7"}],"replies":[{"embeddable":true,"href":"https:\/\/vacif.com\/en\/wp-json\/wp\/v2\/comments?post=792"}],"version-history":[{"count":5,"href":"https:\/\/vacif.com\/en\/wp-json\/wp\/v2\/pages\/792\/revisions"}],"predecessor-version":[{"id":26730,"href":"https:\/\/vacif.com\/en\/wp-json\/wp\/v2\/pages\/792\/revisions\/26730"}],"wp:attachment":[{"href":"https:\/\/vacif.com\/en\/wp-json\/wp\/v2\/media?parent=792"}],"curies":[{"name":"wp","href":"https:\/\/api.w.org\/{rel}","templated":true}]}}