{"id":23505,"date":"2025-06-16T16:51:48","date_gmt":"2025-06-16T09:51:48","guid":{"rendered":"https:\/\/new.vacif.com\/en\/?page_id=23505"},"modified":"2026-03-19T11:39:12","modified_gmt":"2026-03-19T04:39:12","slug":"lien-he","status":"publish","type":"page","link":"https:\/\/vacif.com\/en\/lien-he\/","title":{"rendered":"Contact"},"content":{"rendered":"\n<div class=\"wp-block-columns is-layout-flex wp-container-core-columns-is-layout-9d6595d7 wp-block-columns-is-layout-flex\">\n<div class=\"wp-block-column is-layout-flow wp-block-column-is-layout-flow\">\n<h2 class=\"wp-block-heading has-text-align-center\">Please kindly leave your contact information.<\/h2>\n\n\n\n<p class=\"has-text-align-center\"><style id=\"wpforms-css-vars-512\">\n\t\t\t\t#wpforms-512 {\n\t\t\t\t--wpforms-container-padding: 0px;\n--wpforms-container-border-width: 1px;\n--wpforms-container-border-radius: 3px;\n--wpforms-background-color: rgba(0, 0, 0, 0);\n--wpforms-field-size-input-height: 43px;\n--wpforms-field-size-input-spacing: 15px;\n--wpforms-field-size-font-size: 16px;\n--wpforms-field-size-line-height: 19px;\n--wpforms-field-size-padding-h: 14px;\n--wpforms-field-size-checkbox-size: 16px;\n--wpforms-field-size-sublabel-spacing: 5px;\n--wpforms-field-size-icon-size: 1;\n--wpforms-label-size-font-size: 16px;\n--wpforms-label-size-line-height: 19px;\n--wpforms-label-size-sublabel-font-size: 14px;\n--wpforms-label-size-sublabel-line-height: 17px;\n--wpforms-button-size-font-size: 17px;\n--wpforms-button-size-height: 41px;\n--wpforms-button-size-padding-h: 15px;\n--wpforms-button-size-margin-top: 10px;\n--wpforms-container-shadow-size-box-shadow: none;\n\t\t\t}\n\t\t\t<\/style><div class=\"wpforms-container wpforms-container-full vf-form wpforms-render-modern\" id=\"wpforms-512\"><form id=\"wpforms-form-512\" class=\"wpforms-validate wpforms-form wpforms-ajax-form\" data-formid=\"512\" method=\"post\" enctype=\"multipart\/form-data\" action=\"\/en\/wp-json\/wp\/v2\/pages\/23505\" data-token=\"20acfcac6f19bfe5c9c7295519e497bf\" data-token-time=\"1776392210\"><noscript class=\"wpforms-error-noscript\">Vui l\u00f2ng b\u1eadt JavaScript trong tr\u00ecnh duy\u1ec7t c\u1ee7a b\u1ea1n \u0111\u1ec3 ho\u00e0n th\u00e0nh Form n\u00e0y.<\/noscript><div id=\"wpforms-error-noscript\" style=\"display: none;\">Vui l\u00f2ng b\u1eadt JavaScript trong tr\u00ecnh duy\u1ec7t c\u1ee7a b\u1ea1n \u0111\u1ec3 ho\u00e0n th\u00e0nh Form n\u00e0y.<\/div><div class=\"wpforms-field-container\"><div id=\"wpforms-512-field_0-container\" class=\"wpforms-field wpforms-field-name wpforms-one-half wpforms-first\" data-field-id=\"0\"><label class=\"wpforms-field-label wpforms-label-hide\" for=\"wpforms-512-field_0\" aria-hidden=\"false\">Name <span class=\"wpforms-required-label\" aria-hidden=\"true\">*<\/span><\/label><input type=\"text\" id=\"wpforms-512-field_0\" class=\"wpforms-field-large wpforms-field-required\" name=\"wpforms[fields][0]\" placeholder=\"Name\" aria-errormessage=\"wpforms-512-field_0-error\" required><\/div><div id=\"wpforms-512-field_4-container\" class=\"wpforms-field wpforms-field-text wpforms-one-half\" data-field-id=\"4\"><label class=\"wpforms-field-label wpforms-label-hide\" for=\"wpforms-512-field_4\" aria-hidden=\"false\">Company <span class=\"wpforms-required-label\" aria-hidden=\"true\">*<\/span><\/label><input type=\"text\" id=\"wpforms-512-field_4\" class=\"wpforms-field-large wpforms-field-required\" name=\"wpforms[fields][4]\" placeholder=\"Company\" aria-errormessage=\"wpforms-512-field_4-error\" required><\/div><div id=\"wpforms-512-field_1-container\" class=\"wpforms-field wpforms-field-email wpforms-one-half wpforms-first\" data-field-id=\"1\"><label class=\"wpforms-field-label wpforms-label-hide\" for=\"wpforms-512-field_1\" aria-hidden=\"false\">Email <span class=\"wpforms-required-label\" aria-hidden=\"true\">*<\/span><\/label><input type=\"email\" id=\"wpforms-512-field_1\" class=\"wpforms-field-large wpforms-field-required\" name=\"wpforms[fields][1]\" placeholder=\"Email\" spellcheck=\"false\" aria-errormessage=\"wpforms-512-field_1-error\" required><\/div><div id=\"wpforms-512-field_6-container\" class=\"wpforms-field wpforms-field-text wpforms-one-half\" data-field-id=\"6\"><label class=\"wpforms-field-label wpforms-label-hide\" for=\"wpforms-512-field_6\" aria-hidden=\"false\">Phone<\/label><input type=\"text\" id=\"wpforms-512-field_6\" class=\"wpforms-field-large\" name=\"wpforms[fields][6]\" placeholder=\"Phone\" aria-errormessage=\"wpforms-512-field_6-error\" ><\/div><div id=\"wpforms-512-field_5-container\" class=\"wpforms-field wpforms-field-select wpforms-one-half wpforms-first wpforms-field-select-style-classic\" data-field-id=\"5\"><label class=\"wpforms-field-label wpforms-label-hide\" for=\"wpforms-512-field_5\" aria-hidden=\"false\">Position<\/label><select id=\"wpforms-512-field_5\" class=\"wpforms-field-large\" name=\"wpforms[fields][5]\"><option value=\"\" class=\"placeholder\" disabled  selected='selected'>Position<\/option><option value=\"IT Director\/Manager\"  class=\"choice-2 depth-1\"  >IT Director\/Manager<\/option><option value=\"IT Network\/System Admin\"  class=\"choice-3 depth-1\"  >IT Network\/System Admin<\/option><option value=\"IT Consultant\/Other\"  class=\"choice-4 depth-1\"  >IT Consultant\/Other<\/option><option value=\"Non-IT Executive\"  class=\"choice-11 depth-1\"  >Non-IT Executive<\/option><option value=\"Non-IT Professional\"  class=\"choice-10 depth-1\"  >Non-IT Professional<\/option><\/select><\/div><div id=\"wpforms-512-field_8-container\" class=\"wpforms-field wpforms-field-select wpforms-one-half wpforms-field-select-style-classic\" data-field-id=\"8\"><label class=\"wpforms-field-label wpforms-label-hide\" for=\"wpforms-512-field_8\" aria-hidden=\"false\">Purpose of Contact<\/label><select id=\"wpforms-512-field_8\" class=\"wpforms-field-large\" name=\"wpforms[fields][8]\"><option value=\"Consultation Request\"  selected='selected' class=\"choice-1 depth-1\"  >Consultation Request<\/option><option value=\"Consultation Request\"  class=\"choice-4 depth-1\"  >Consultation Request<\/option><option value=\"Technical Support\"  class=\"choice-3 depth-1\"  >Technical Support<\/option><option value=\"Trial\/Demo\"  class=\"choice-2 depth-1\"  >Trial\/Demo<\/option><option value=\"Security Assessment\"  class=\"choice-5 depth-1\"  >Security Assessment<\/option><\/select><\/div><div id=\"wpforms-512-field_7-container\" class=\"wpforms-field wpforms-field-text\" data-field-id=\"7\"><label class=\"wpforms-field-label\" for=\"wpforms-512-field_7\">Title<\/label><input type=\"text\" id=\"wpforms-512-field_7\" class=\"wpforms-field-large\" name=\"wpforms[fields][7]\" aria-errormessage=\"wpforms-512-field_7-error\" ><\/div><div id=\"wpforms-512-field_2-container\" class=\"wpforms-field wpforms-field-textarea\" data-field-id=\"2\"><label class=\"wpforms-field-label\" for=\"wpforms-512-field_2\">Content <span class=\"wpforms-required-label\" aria-hidden=\"true\">*<\/span><\/label><textarea id=\"wpforms-512-field_2\" class=\"wpforms-field-medium wpforms-field-required\" name=\"wpforms[fields][2]\" aria-errormessage=\"wpforms-512-field_2-error\" required><\/textarea><\/div><\/div><!-- .wpforms-field-container --><div class=\"wpforms-submit-container\" ><input type=\"hidden\" name=\"wpforms[id]\" value=\"512\"><input type=\"hidden\" name=\"page_title\" value=\"\"><input type=\"hidden\" name=\"page_url\" value=\"https:\/\/vacif.com\/en\/wp-json\/wp\/v2\/pages\/23505\"><input type=\"hidden\" name=\"url_referer\" value=\"\"><button type=\"submit\" name=\"wpforms[submit]\" id=\"wpforms-submit-512\" class=\"wpforms-submit\" data-alt-text=\"\u0110ang g\u1eedi...\" data-submit-text=\"Send\" aria-live=\"assertive\" value=\"wpforms-submit\">Send<\/button><img loading=\"lazy\" decoding=\"async\" src=\"https:\/\/vacif.com\/en\/wp-content\/plugins\/wpforms-lite\/assets\/images\/submit-spin.svg\" class=\"wpforms-submit-spinner\" style=\"display: none;\" width=\"26\" height=\"26\" alt=\"\u0110ang t\u1ea3i\"><\/div><\/form><\/div>  <!-- .wpforms-container --><\/p>\n<\/div>\n\n\n\n<div class=\"wp-block-column is-layout-flow wp-block-column-is-layout-flow\">\n<h2 class=\"wp-block-heading has-text-align-center\">VACIF Co., Ltd<\/h2>\n\n\n\n<p>Providing customers with the best value in information security solutions and products.<\/p>\n\n\n\n<i class=\"fas fa-map-marker-alt\" style=\"color: var(--eb-custom-color-6);\"><\/i>&nbsp;<em>70 Giai Phong Street, Tan Son Nhat Ward, Ho Chi Minh City<\/em>. <br><i class=\"fas fa-envelope\" style=\"color: var(--eb-custom-color-6);\"><\/i>&nbsp;<a href=\"mailto:info@vacif.com\">info@vacif.com<\/a>&nbsp;\u2013&nbsp;<a href=\"mailto:sales@vacif.com\">sales@vacif.com<\/a> <br><i class=\"fas fa-phone\" style=\"color: var(--eb-custom-color-6);\"><\/i>&nbsp;<a href=\"tel:02873035399\">+84 28.7303.5399<\/a>&nbsp;\u2013&nbsp;<strong>Zalo<\/strong>&nbsp;<a href=\"https:\/\/zalo.me\/0862308878\" target=\"_blank\">0862.308.878<\/a> <br><i class=\"fas fa-globe\" style=\"color: var(--eb-custom-color-6);\"><\/i>&nbsp;<a href=\"\/\/vacif.com\">vacif.com<\/a>&nbsp;\u2013&nbsp;<a href=\"https:\/\/www.linkedin.com\/company\/vacif\/\"><i class=\"fab fa-linkedin\"><\/i><\/a>&nbsp;<a href=\"https:\/\/www.facebook.com\/vacif.co\"><i class=\"fab fa-facebook\"><\/i><\/a><\/p>\n\n\n\n<div class=\"map-wrapper\">\n<div class=\"map-container\">\n    <iframe \n      src=\"https:\/\/maps.google.com\/maps?q=70%20Giai%20Phong,%20Phuong%204,%20Tan Binh,%20Ho%20Chi%20Minh,%20Vietnam&#038;output=embed\" \n      loading=\"lazy\" \n      referrerpolicy=\"no-referrer-when-downgrade\">\n    <\/iframe>\n  <\/div>\n<\/div>\n<\/div>\n<\/div>\n","protected":false},"excerpt":{"rendered":"<p>Please kindly leave your contact information. VACIF Co., Ltd Providing customers with the best value in information security solutions and products. &nbsp;70 Giai Phong Street, Tan Son Nhat Ward, Ho Chi Minh City. &nbsp;info@vacif.com&nbsp;\u2013&nbsp;sales@vacif.com &nbsp;+84 28.7303.5399&nbsp;\u2013&nbsp;Zalo&nbsp;0862.308.878 &nbsp;vacif.com&nbsp;\u2013&nbsp;&nbsp;<\/p>\n","protected":false},"author":7,"featured_media":0,"parent":0,"menu_order":0,"comment_status":"closed","ping_status":"closed","template":"","meta":{"_eb_attr":"","ocean_post_layout":"full-width","ocean_both_sidebars_style":"","ocean_both_sidebars_content_width":0,"ocean_both_sidebars_sidebars_width":0,"ocean_sidebar":"","ocean_second_sidebar":"","ocean_disable_margins":"enable","ocean_add_body_class":"","ocean_shortcode_before_top_bar":"","ocean_shortcode_after_top_bar":"","ocean_shortcode_before_header":"","ocean_shortcode_after_header":"","ocean_has_shortcode":"","ocean_shortcode_after_title":"","ocean_shortcode_before_footer_widgets":"","ocean_shortcode_after_footer_widgets":"","ocean_shortcode_before_footer_bottom":"","ocean_shortcode_after_footer_bottom":"","ocean_display_top_bar":"default","ocean_display_header":"default","ocean_header_style":"","ocean_center_header_left_menu":"","ocean_custom_header_template":"","ocean_custom_logo":0,"ocean_custom_retina_logo":0,"ocean_custom_logo_max_width":0,"ocean_custom_logo_tablet_max_width":0,"ocean_custom_logo_mobile_max_width":0,"ocean_custom_logo_max_height":0,"ocean_custom_logo_tablet_max_height":0,"ocean_custom_logo_mobile_max_height":0,"ocean_header_custom_menu":"","ocean_menu_typo_font_family":"","ocean_menu_typo_font_subset":"","ocean_menu_typo_font_size":0,"ocean_menu_typo_font_size_tablet":0,"ocean_menu_typo_font_size_mobile":0,"ocean_menu_typo_font_size_unit":"px","ocean_menu_typo_font_weight":"","ocean_menu_typo_font_weight_tablet":"","ocean_menu_typo_font_weight_mobile":"","ocean_menu_typo_transform":"","ocean_menu_typo_transform_tablet":"","ocean_menu_typo_transform_mobile":"","ocean_menu_typo_line_height":0,"ocean_menu_typo_line_height_tablet":0,"ocean_menu_typo_line_height_mobile":0,"ocean_menu_typo_line_height_unit":"","ocean_menu_typo_spacing":0,"ocean_menu_typo_spacing_tablet":0,"ocean_menu_typo_spacing_mobile":0,"ocean_menu_typo_spacing_unit":"","ocean_menu_link_color":"","ocean_menu_link_color_hover":"","ocean_menu_link_color_active":"","ocean_menu_link_background":"","ocean_menu_link_hover_background":"","ocean_menu_link_active_background":"","ocean_menu_social_links_bg":"","ocean_menu_social_hover_links_bg":"","ocean_menu_social_links_color":"","ocean_menu_social_hover_links_color":"","ocean_disable_title":"enable","ocean_disable_heading":"default","ocean_post_title":"","ocean_post_subheading":"","ocean_post_title_style":"","ocean_post_title_background_color":"","ocean_post_title_background":0,"ocean_post_title_bg_image_position":"","ocean_post_title_bg_image_attachment":"","ocean_post_title_bg_image_repeat":"","ocean_post_title_bg_image_size":"","ocean_post_title_height":0,"ocean_post_title_bg_overlay":0.5,"ocean_post_title_bg_overlay_color":"","ocean_disable_breadcrumbs":"default","ocean_breadcrumbs_color":"","ocean_breadcrumbs_separator_color":"","ocean_breadcrumbs_links_color":"","ocean_breadcrumbs_links_hover_color":"","ocean_display_footer_widgets":"default","ocean_display_footer_bottom":"default","ocean_custom_footer_template":"","footnotes":""},"class_list":["post-23505","page","type-page","status-publish","hentry","entry"],"_links":{"self":[{"href":"https:\/\/vacif.com\/en\/wp-json\/wp\/v2\/pages\/23505","targetHints":{"allow":["GET"]}}],"collection":[{"href":"https:\/\/vacif.com\/en\/wp-json\/wp\/v2\/pages"}],"about":[{"href":"https:\/\/vacif.com\/en\/wp-json\/wp\/v2\/types\/page"}],"author":[{"embeddable":true,"href":"https:\/\/vacif.com\/en\/wp-json\/wp\/v2\/users\/7"}],"replies":[{"embeddable":true,"href":"https:\/\/vacif.com\/en\/wp-json\/wp\/v2\/comments?post=23505"}],"version-history":[{"count":5,"href":"https:\/\/vacif.com\/en\/wp-json\/wp\/v2\/pages\/23505\/revisions"}],"predecessor-version":[{"id":29151,"href":"https:\/\/vacif.com\/en\/wp-json\/wp\/v2\/pages\/23505\/revisions\/29151"}],"wp:attachment":[{"href":"https:\/\/vacif.com\/en\/wp-json\/wp\/v2\/media?parent=23505"}],"curies":[{"name":"wp","href":"https:\/\/api.w.org\/{rel}","templated":true}]}}