{"id":128,"date":"2024-04-24T07:52:51","date_gmt":"2024-04-24T07:52:51","guid":{"rendered":"http:\/\/mdrvn.com\/?page_id=128"},"modified":"2025-08-27T14:14:15","modified_gmt":"2025-08-27T07:14:15","slug":"tin-tuc","status":"publish","type":"page","link":"https:\/\/vacif.com\/en\/tin-tuc\/","title":{"rendered":"News\/Event"},"content":{"rendered":"<div class=\"root-eb-post-grid-zy8n9 wp-block-essential-blocks-post-grid\">\n    <div class=\"eb-parent-wrapper eb-parent-eb-post-grid-zy8n9 \">\n        <div class=\"eb-post-grid-zy8n9 style-4 eb-post-grid-wrapper\"\n            data-id=\"eb-post-grid-zy8n9\"\n            data-querydata=\"{&quot;source&quot;:&quot;post&quot;,&quot;sourceIndex&quot;:0,&quot;rest_base&quot;:&quot;posts&quot;,&quot;rest_namespace&quot;:&quot;wp\\\/v2&quot;,&quot;author&quot;:&quot;&quot;,&quot;taxonomies&quot;:{&quot;category&quot;:{&quot;name&quot;:&quot;Categories&quot;,&quot;rest_base&quot;:&quot;categories&quot;,&quot;rest_namespace&quot;:&quot;wp\\\/v2&quot;,&quot;slug&quot;:&quot;category&quot;,&quot;value&quot;:&quot;[{\\&quot;value\\&quot;:10,\\&quot;label\\&quot;:\\&quot;Tin t\\u1ee9c\\&quot;}]&quot;}},&quot;per_page&quot;:&quot;9&quot;,&quot;offset&quot;:&quot;0&quot;,&quot;orderby&quot;:&quot;date&quot;,&quot;order&quot;:&quot;desc&quot;,&quot;include&quot;:&quot;&quot;,&quot;exclude&quot;:&quot;&quot;,&quot;exclude_current&quot;:false}\"\n            data-attributes=\"{&quot;thumbnailSize&quot;:&quot;&quot;,&quot;loadMoreOptions&quot;:{&quot;enableMorePosts&quot;:true,&quot;loadMoreType&quot;:&quot;1&quot;,&quot;loadMoreButtonTxt&quot;:&quot;See more&quot;,&quot;alignment&quot;:&quot;center&quot;,&quot;prevTxt&quot;:&quot;&lt;&quot;,&quot;nextTxt&quot;:&quot;&gt;&quot;,&quot;totalPosts&quot;:66},&quot;showSearch&quot;:false,&quot;showTaxonomyFilter&quot;:false,&quot;enableAjaxSearch&quot;:false,&quot;addIcon&quot;:false,&quot;iconPosition&quot;:&quot;left&quot;,&quot;icon&quot;:&quot;fas fa-chevron-right&quot;,&quot;preset&quot;:&quot;style-4&quot;,&quot;defaultFilter&quot;:&quot;all&quot;,&quot;version&quot;:&quot;v2&quot;,&quot;showBlockContent&quot;:true,&quot;showFallbackImg&quot;:false,&quot;fallbackImgUrl&quot;:&quot;&quot;,&quot;showThumbnail&quot;:true,&quot;showTitle&quot;:true,&quot;titleLength&quot;:&quot;&quot;,&quot;titleTag&quot;:&quot;h3&quot;,&quot;showContent&quot;:true,&quot;contentLength&quot;:30,&quot;expansionIndicator&quot;:&quot;...&quot;,&quot;showReadMore&quot;:false,&quot;readmoreText&quot;:&quot;Read More&quot;,&quot;showMeta&quot;:true,&quot;headerMeta&quot;:&quot;[]&quot;,&quot;footerMeta&quot;:&quot;[{\\&quot;value\\&quot;:\\&quot;date\\&quot;,\\&quot;label\\&quot;:\\&quot;Published Date\\&quot;}]&quot;,&quot;authorPrefix&quot;:&quot;by&quot;,&quot;datePrefix&quot;:&quot;&quot;}\">\n\n            \n\n            <div class=\"eb-post-grid-posts-wrapper\"><article class=\"ebpg-grid-post ebpg-post-grid-column\" data-id=\"26938\"><div class=\"ebpg-grid-post-holder\"><div class=\"ebpg-entry-media\">\n                <div class=\"ebpg-entry-thumbnail\">\n                    <a class=\"ebpg-post-link-wrapper eb-sr-only\" href=\"https:\/\/vacif.com\/en\/webinar-25-09-verge-io-giai-phap-hci-thay-the-vmware-tiet-kiem-chi-phi-toi-uu-hieu-nang\/\">Webinar 25\/09\/2025: Verge.IO &#8211; Gi\u1ea3i Ph\u00e1p HCI Thay Th\u1ebf VMWare: Ti\u1ebft Ki\u1ec7m Chi Ph\u00ed, T\u1ed1i \u01afu Hi\u1ec7u N\u0103ng<\/a>\n                    <img loading=\"lazy\" decoding=\"async\" width=\"1920\" height=\"1080\" src=\"https:\/\/vacif.com\/en\/wp-content\/uploads\/sites\/3\/2025\/09\/Slide-NEW-VACIF-PROFILE-VIETNAMESE-1.png\" class=\"attachment-full size-full\" alt=\"\" \/>\n                <\/div>\n            <\/div><div class=\"ebpg-entry-wrapper\"><header class=\"ebpg-entry-header\">\n            <h3 class=\"ebpg-entry-title\">\n                <a class=\"ebpg-grid-post-link\" href=\"https:\/\/vacif.com\/en\/webinar-25-09-verge-io-giai-phap-hci-thay-the-vmware-tiet-kiem-chi-phi-toi-uu-hieu-nang\/\" title=\"webinar25092025:vergeio-giiphphcithaythvmware:titkimchiphtiuhiunng\">Webinar 25\/09\/2025: Verge.IO &#8211; Gi\u1ea3i Ph\u00e1p HCI Thay Th\u1ebf VMWare: Ti\u1ebft Ki\u1ec7m Chi Ph\u00ed, T\u1ed1i \u01afu Hi\u1ec7u N\u0103ng<\/a>\n            <\/h3>\n        <\/header><div class=\"ebpg-entry-meta ebpg-header-meta\"><div class=\"ebpg-entry-meta-items\"><\/div><\/div><div class=\"ebpg-entry-content\"><div class=\"ebpg-grid-post-excerpt\">\n            <p>\u0110\u0103ng k\u00fd tham d\u1ef1 t\u1ea1i \u0111\u00e2y: https:\/\/zoom.us\/webinar\/register\/WN_m3CDfZ_yTpWRjiuR6DmBZg (Vui l\u00f2ng \u0111\u0103ng k\u00fd tr\u01b0\u1edbc ng\u00e0y 25\/09\/2025)\n\n\n\nM\u00f4 T\u1ea3 Th\u1ef1c Tr\u1ea1ng Ch\u1ee7 \u0110\u1ec1:\n\n\n\nTrong b\u1ed1i c\u1ea3nh nhi\u1ec1u doanh nghi\u1ec7p Mid\u2013Enterprise (ME) c\u1ea7n m\u1ed9t gi\u1ea3i ph\u00e1p&#8230;<\/p>\n        <\/div><\/div><div class=\"ebpg-entry-meta ebpg-footer-meta\"><div class=\"ebpg-entry-meta-items\"><span class=\"ebpg-posted-on\">\n             <time dateTime=\"2025-09-28T15:45:47+07:00\">28\/09\/2025<\/time>\n        <\/span><\/div><\/div><\/div><\/div><\/article><article class=\"ebpg-grid-post ebpg-post-grid-column\" data-id=\"26699\"><div class=\"ebpg-grid-post-holder\"><div class=\"ebpg-entry-media\">\n                <div class=\"ebpg-entry-thumbnail\">\n                    <a class=\"ebpg-post-link-wrapper eb-sr-only\" href=\"https:\/\/vacif.com\/en\/webinar-04-9-2025-giai-phap-wireless-toan-dien-tu-sophos-bao-mat-ket-noi-toi-uu-hieu-nang-2-2-3-2-2-2\/\">Webinar March 11, 2025: SOPHOS MDR \u2013 The &#8220;Ultimate Weapon&#8221; Against Evolving Ransomware!<\/a>\n                    <img loading=\"lazy\" decoding=\"async\" width=\"1890\" height=\"1063\" src=\"https:\/\/vacif.com\/en\/wp-content\/uploads\/sites\/3\/2025\/08\/WEBINAR-QC-16-x-9-cm-4.png\" class=\"attachment-full size-full\" alt=\"\" \/>\n                <\/div>\n            <\/div><div class=\"ebpg-entry-wrapper\"><header class=\"ebpg-entry-header\">\n            <h3 class=\"ebpg-entry-title\">\n                <a class=\"ebpg-grid-post-link\" href=\"https:\/\/vacif.com\/en\/webinar-04-9-2025-giai-phap-wireless-toan-dien-tu-sophos-bao-mat-ket-noi-toi-uu-hieu-nang-2-2-3-2-2-2\/\" title=\"webinarmarch112025:sophosmdrtheultimateweaponagainstevolvingransomware\">Webinar March 11, 2025: SOPHOS MDR \u2013 The &#8220;Ultimate Weapon&#8221; Against Evolving Ransomware!<\/a>\n            <\/h3>\n        <\/header><div class=\"ebpg-entry-meta ebpg-header-meta\"><div class=\"ebpg-entry-meta-items\"><\/div><\/div><div class=\"ebpg-entry-content\"><div class=\"ebpg-grid-post-excerpt\">\n            <p>\ud83d\udcc5 Time: 9:30 AM \u2013 Tuesday, March 11, 2025\ud83d\udcbb Format: Online via Zoom | 100% Free\u00a0\ud83d\udd17 Register here: [ Link Closed ](Please complete your registration before March 11, 2025)\n\n\n\nWebinar Agenda:\n\n\n\nVACIF&#8230;<\/p>\n        <\/div><\/div><div class=\"ebpg-entry-meta ebpg-footer-meta\"><div class=\"ebpg-entry-meta-items\"><span class=\"ebpg-posted-on\">\n             <time dateTime=\"2025-08-28T17:37:59+07:00\">28\/08\/2025<\/time>\n        <\/span><\/div><\/div><\/div><\/div><\/article><article class=\"ebpg-grid-post ebpg-post-grid-column\" data-id=\"26698\"><div class=\"ebpg-grid-post-holder\"><div class=\"ebpg-entry-media\">\n                <div class=\"ebpg-entry-thumbnail\">\n                    <a class=\"ebpg-post-link-wrapper eb-sr-only\" href=\"https:\/\/vacif.com\/en\/webinar-04-9-2025-giai-phap-wireless-toan-dien-tu-sophos-bao-mat-ket-noi-toi-uu-hieu-nang-2-2-3-2-2\/\">Webinar May 15, 2025: Back Up With Acronis Cyber \u200b\u200bProtect Properly<\/a>\n                    <img loading=\"lazy\" decoding=\"async\" width=\"1200\" height=\"628\" src=\"https:\/\/vacif.com\/en\/wp-content\/uploads\/sites\/3\/2025\/08\/WEBINAR-QC.png\" class=\"attachment-full size-full\" alt=\"\" \/>\n                <\/div>\n            <\/div><div class=\"ebpg-entry-wrapper\"><header class=\"ebpg-entry-header\">\n            <h3 class=\"ebpg-entry-title\">\n                <a class=\"ebpg-grid-post-link\" href=\"https:\/\/vacif.com\/en\/webinar-04-9-2025-giai-phap-wireless-toan-dien-tu-sophos-bao-mat-ket-noi-toi-uu-hieu-nang-2-2-3-2-2\/\" title=\"webinarmay152025:backupwithacroniscyberprotectproperly\">Webinar May 15, 2025: Back Up With Acronis Cyber \u200b\u200bProtect Properly<\/a>\n            <\/h3>\n        <\/header><div class=\"ebpg-entry-meta ebpg-header-meta\"><div class=\"ebpg-entry-meta-items\"><\/div><\/div><div class=\"ebpg-entry-content\"><div class=\"ebpg-grid-post-excerpt\">\n            <p>\ud83d\udcc5  Time: 9:30 AM \u2013 Thursday, May 15, 2025\ud83d\udcbb  Format: Online via Zoom | 100% Free\n\n\n\n\ud83d\udd17 Register here: [ Link Closed ](Please complete your registration before May 15,&#8230;<\/p>\n        <\/div><\/div><div class=\"ebpg-entry-meta ebpg-footer-meta\"><div class=\"ebpg-entry-meta-items\"><span class=\"ebpg-posted-on\">\n             <time dateTime=\"2025-08-28T17:26:11+07:00\">28\/08\/2025<\/time>\n        <\/span><\/div><\/div><\/div><\/div><\/article><article class=\"ebpg-grid-post ebpg-post-grid-column\" data-id=\"26653\"><div class=\"ebpg-grid-post-holder\"><div class=\"ebpg-entry-media\">\n                <div class=\"ebpg-entry-thumbnail\">\n                    <a class=\"ebpg-post-link-wrapper eb-sr-only\" href=\"https:\/\/vacif.com\/en\/webinar-04-9-2025-giai-phap-wireless-toan-dien-tu-sophos-bao-mat-ket-noi-toi-uu-hieu-nang-2-2-3-2\/\">Webinar June 17, 2025: SearchInform DLP (Data Loss Prevention) Solution \u2013 Comprehensive Enterprise Data Protection<\/a>\n                    <img loading=\"lazy\" decoding=\"async\" width=\"1200\" height=\"628\" src=\"https:\/\/vacif.com\/en\/wp-content\/uploads\/sites\/3\/2025\/08\/email-marketing.png\" class=\"attachment-full size-full\" alt=\"\" \/>\n                <\/div>\n            <\/div><div class=\"ebpg-entry-wrapper\"><header class=\"ebpg-entry-header\">\n            <h3 class=\"ebpg-entry-title\">\n                <a class=\"ebpg-grid-post-link\" href=\"https:\/\/vacif.com\/en\/webinar-04-9-2025-giai-phap-wireless-toan-dien-tu-sophos-bao-mat-ket-noi-toi-uu-hieu-nang-2-2-3-2\/\" title=\"webinarjune172025:searchinformdlpdatalosspreventionsolutioncomprehensiveenterprisedataprotection\">Webinar June 17, 2025: SearchInform DLP (Data Loss Prevention) Solution \u2013 Comprehensive Enterprise Data Protection<\/a>\n            <\/h3>\n        <\/header><div class=\"ebpg-entry-meta ebpg-header-meta\"><div class=\"ebpg-entry-meta-items\"><\/div><\/div><div class=\"ebpg-entry-content\"><div class=\"ebpg-grid-post-excerpt\">\n            <p>\ud83d\udcc5  Time: 9:30 AM \u2013 Tuesday, June 17, 2025\ud83d\udcbb  Format: Online via Zoom | 100% Free\u00a0\n\n\n\n\ud83d\udd17 Register here: [ Link Closed ](Please complete your registration before June 16&#8230;<\/p>\n        <\/div><\/div><div class=\"ebpg-entry-meta ebpg-footer-meta\"><div class=\"ebpg-entry-meta-items\"><span class=\"ebpg-posted-on\">\n             <time dateTime=\"2025-08-28T16:46:56+07:00\">28\/08\/2025<\/time>\n        <\/span><\/div><\/div><\/div><\/div><\/article><article class=\"ebpg-grid-post ebpg-post-grid-column\" data-id=\"26647\"><div class=\"ebpg-grid-post-holder\"><div class=\"ebpg-entry-media\">\n                <div class=\"ebpg-entry-thumbnail\">\n                    <a class=\"ebpg-post-link-wrapper eb-sr-only\" href=\"https:\/\/vacif.com\/en\/webinar-04-9-2025-giai-phap-wireless-toan-dien-tu-sophos-bao-mat-ket-noi-toi-uu-hieu-nang-2-2-3\/\">Webinar June 24, 2025: Sophos XDR \u2013 Integrated Endpoint &amp; XDR Solutions for the Digital Enterprise<\/a>\n                    <img loading=\"lazy\" decoding=\"async\" width=\"1200\" height=\"628\" src=\"https:\/\/vacif.com\/en\/wp-content\/uploads\/sites\/3\/2025\/08\/WEBINAR-QC-2.png\" class=\"attachment-full size-full\" alt=\"\" \/>\n                <\/div>\n            <\/div><div class=\"ebpg-entry-wrapper\"><header class=\"ebpg-entry-header\">\n            <h3 class=\"ebpg-entry-title\">\n                <a class=\"ebpg-grid-post-link\" href=\"https:\/\/vacif.com\/en\/webinar-04-9-2025-giai-phap-wireless-toan-dien-tu-sophos-bao-mat-ket-noi-toi-uu-hieu-nang-2-2-3\/\" title=\"webinarjune242025:sophosxdrintegratedendpointampxdrsolutionsforthedigitalenterprise\">Webinar June 24, 2025: Sophos XDR \u2013 Integrated Endpoint &amp; XDR Solutions for the Digital Enterprise<\/a>\n            <\/h3>\n        <\/header><div class=\"ebpg-entry-meta ebpg-header-meta\"><div class=\"ebpg-entry-meta-items\"><\/div><\/div><div class=\"ebpg-entry-content\"><div class=\"ebpg-grid-post-excerpt\">\n            <p>\ud83d\udcc5  Date: 9h30 AM \u2013 Tuesday, June 24, 2025\u00a0\u00a0\ud83d\udcbb  Format: Online via Zoom | 100% Free\n\n\n\n\ud83d\udd17 Register here: [ Link Closed ](Please complete your registration before June 23,&#8230;<\/p>\n        <\/div><\/div><div class=\"ebpg-entry-meta ebpg-footer-meta\"><div class=\"ebpg-entry-meta-items\"><span class=\"ebpg-posted-on\">\n             <time dateTime=\"2025-08-28T16:41:12+07:00\">28\/08\/2025<\/time>\n        <\/span><\/div><\/div><\/div><\/div><\/article><article class=\"ebpg-grid-post ebpg-post-grid-column\" data-id=\"26642\"><div class=\"ebpg-grid-post-holder\"><div class=\"ebpg-entry-media\">\n                <div class=\"ebpg-entry-thumbnail\">\n                    <a class=\"ebpg-post-link-wrapper eb-sr-only\" href=\"https:\/\/vacif.com\/en\/webinar-04-9-2025-giai-phap-wireless-toan-dien-tu-sophos-bao-mat-ket-noi-toi-uu-hieu-nang-2-2\/\">Webinar July 22, 2025: SearchInform DLP (Data Loss Prevention) Solution \u2013 Protecting Sensitive Data in Enterprises<\/a>\n                    <img loading=\"lazy\" decoding=\"async\" width=\"1890\" height=\"1063\" src=\"https:\/\/vacif.com\/en\/wp-content\/uploads\/sites\/3\/2025\/08\/WEBINAR-QC-16-x-9-cm.png\" class=\"attachment-full size-full\" alt=\"\" \/>\n                <\/div>\n            <\/div><div class=\"ebpg-entry-wrapper\"><header class=\"ebpg-entry-header\">\n            <h3 class=\"ebpg-entry-title\">\n                <a class=\"ebpg-grid-post-link\" href=\"https:\/\/vacif.com\/en\/webinar-04-9-2025-giai-phap-wireless-toan-dien-tu-sophos-bao-mat-ket-noi-toi-uu-hieu-nang-2-2\/\" title=\"webinarjuly222025:searchinformdlpdatalosspreventionsolutionprotectingsensitivedatainenterprises\">Webinar July 22, 2025: SearchInform DLP (Data Loss Prevention) Solution \u2013 Protecting Sensitive Data in Enterprises<\/a>\n            <\/h3>\n        <\/header><div class=\"ebpg-entry-meta ebpg-header-meta\"><div class=\"ebpg-entry-meta-items\"><\/div><\/div><div class=\"ebpg-entry-content\"><div class=\"ebpg-grid-post-excerpt\">\n            <p>\ud83d\udcc5  Time: 9:30 AM \u2013 Tuesday, July 22, 2025\ud83d\udcbb  Format: Online via Zoom | 100% Free\u00a0\n\n\n\n\ud83d\udd17 Register here: [ Link Closed ](Please complete your registration before July 21,&#8230;<\/p>\n        <\/div><\/div><div class=\"ebpg-entry-meta ebpg-footer-meta\"><div class=\"ebpg-entry-meta-items\"><span class=\"ebpg-posted-on\">\n             <time dateTime=\"2025-08-28T16:32:08+07:00\">28\/08\/2025<\/time>\n        <\/span><\/div><\/div><\/div><\/div><\/article><article class=\"ebpg-grid-post ebpg-post-grid-column\" data-id=\"26639\"><div class=\"ebpg-grid-post-holder\"><div class=\"ebpg-entry-media\">\n                <div class=\"ebpg-entry-thumbnail\">\n                    <a class=\"ebpg-post-link-wrapper eb-sr-only\" href=\"https:\/\/vacif.com\/en\/webinar-04-9-2025-giai-phap-wireless-toan-dien-tu-sophos-bao-mat-ket-noi-toi-uu-hieu-nang-2\/\">Webinar August 19, 2025: From VMware to Proxmox: Efficient \u2013 Optimized \u2013 Sustainable<\/a>\n                    <img loading=\"lazy\" decoding=\"async\" width=\"2560\" height=\"1440\" src=\"https:\/\/vacif.com\/en\/wp-content\/uploads\/sites\/3\/2025\/08\/WEBINAR-BANNER-scaled-1.png\" class=\"attachment-full size-full\" alt=\"\" \/>\n                <\/div>\n            <\/div><div class=\"ebpg-entry-wrapper\"><header class=\"ebpg-entry-header\">\n            <h3 class=\"ebpg-entry-title\">\n                <a class=\"ebpg-grid-post-link\" href=\"https:\/\/vacif.com\/en\/webinar-04-9-2025-giai-phap-wireless-toan-dien-tu-sophos-bao-mat-ket-noi-toi-uu-hieu-nang-2\/\" title=\"webinaraugust192025:fromvmwaretoproxmox:efficientoptimizedsustainable\">Webinar August 19, 2025: From VMware to Proxmox: Efficient \u2013 Optimized \u2013 Sustainable<\/a>\n            <\/h3>\n        <\/header><div class=\"ebpg-entry-meta ebpg-header-meta\"><div class=\"ebpg-entry-meta-items\"><\/div><\/div><div class=\"ebpg-entry-content\"><div class=\"ebpg-grid-post-excerpt\">\n            <p>Date: 9h30 AM \u2013 Tuesday, August 19, 2025  Format: Online via Zoom | 100% Free\n\n\n\n Register Here: https:\/\/zoom.us\/webinar\/register\/WN_vbvrIBQ0TyGNocgN3ZS9ag(Please register before August 19, 2025)\n\n\n\nCurrent Situation:\n\n\n\nIn the current IT landscape, where&#8230;<\/p>\n        <\/div><\/div><div class=\"ebpg-entry-meta ebpg-footer-meta\"><div class=\"ebpg-entry-meta-items\"><span class=\"ebpg-posted-on\">\n             <time dateTime=\"2025-08-28T16:21:07+07:00\">28\/08\/2025<\/time>\n        <\/span><\/div><\/div><\/div><\/div><\/article><article class=\"ebpg-grid-post ebpg-post-grid-column\" data-id=\"26697\"><div class=\"ebpg-grid-post-holder\"><div class=\"ebpg-entry-media\">\n                <div class=\"ebpg-entry-thumbnail\">\n                    <a class=\"ebpg-post-link-wrapper eb-sr-only\" href=\"https:\/\/vacif.com\/en\/webinar-04-9-2025-giai-phap-wireless-toan-dien-tu-sophos-bao-mat-ket-noi-toi-uu-hieu-nang\/\">Webinar September 04, 2025: Sophos Comprehensive Wireless Solutions \u2013 Secure Connectivity, Optimized Performance<\/a>\n                    <img loading=\"lazy\" decoding=\"async\" width=\"1181\" height=\"664\" src=\"https:\/\/vacif.com\/en\/wp-content\/uploads\/sites\/3\/2025\/08\/WEBINAR-banner-2.png\" class=\"attachment-full size-full\" alt=\"\" \/>\n                <\/div>\n            <\/div><div class=\"ebpg-entry-wrapper\"><header class=\"ebpg-entry-header\">\n            <h3 class=\"ebpg-entry-title\">\n                <a class=\"ebpg-grid-post-link\" href=\"https:\/\/vacif.com\/en\/webinar-04-9-2025-giai-phap-wireless-toan-dien-tu-sophos-bao-mat-ket-noi-toi-uu-hieu-nang\/\" title=\"webinarseptember042025:sophoscomprehensivewirelesssolutionssecureconnectivityoptimizedperformance\">Webinar September 04, 2025: Sophos Comprehensive Wireless Solutions \u2013 Secure Connectivity, Optimized Performance<\/a>\n            <\/h3>\n        <\/header><div class=\"ebpg-entry-meta ebpg-header-meta\"><div class=\"ebpg-entry-meta-items\"><\/div><\/div><div class=\"ebpg-entry-content\"><div class=\"ebpg-grid-post-excerpt\">\n            <p>Date: 9h30 AM \u2013 Thursday, September 04, 2025  Format: Online via Zoom | 100% Free\n\n\n\n  Register Here: https:\/\/zoom.us\/webinar\/register\/WN_VGmA485-TiOTaNSZY0Mhnw(Please register before September 3, 2025)\n\n\n\nCurrent Situation:\n\n\n\nIn today\u2019s digital era, wireless&#8230;<\/p>\n        <\/div><\/div><div class=\"ebpg-entry-meta ebpg-footer-meta\"><div class=\"ebpg-entry-meta-items\"><span class=\"ebpg-posted-on\">\n             <time dateTime=\"2025-08-28T15:45:20+07:00\">28\/08\/2025<\/time>\n        <\/span><\/div><\/div><\/div><\/div><\/article><article class=\"ebpg-grid-post ebpg-post-grid-column\" data-id=\"24147\"><div class=\"ebpg-grid-post-holder\"><div class=\"ebpg-entry-media\">\n                <div class=\"ebpg-entry-thumbnail\">\n                    <a class=\"ebpg-post-link-wrapper eb-sr-only\" href=\"https:\/\/vacif.com\/en\/google-thuc-day-su-dung-rust-trong-firmware-cu-nham-khac-phuc-cac-loi-an-toan-bo-nho\/\">Google th\u00fac \u0111\u1ea9y s\u1eed d\u1ee5ng Rust trong firmware c\u0169 nh\u1eb1m kh\u1eafc ph\u1ee5c c\u00e1c l\u1ed7i an to\u00e0n b\u1ed9 nh\u1edb<\/a>\n                    <img loading=\"lazy\" decoding=\"async\" width=\"1200\" height=\"673\" src=\"https:\/\/vacif.com\/en\/wp-content\/uploads\/sites\/3\/2025\/05\/server-and-storage.png\" class=\"attachment-full size-full\" alt=\"\" \/>\n                <\/div>\n            <\/div><div class=\"ebpg-entry-wrapper\"><header class=\"ebpg-entry-header\">\n            <h3 class=\"ebpg-entry-title\">\n                <a class=\"ebpg-grid-post-link\" href=\"https:\/\/vacif.com\/en\/google-thuc-day-su-dung-rust-trong-firmware-cu-nham-khac-phuc-cac-loi-an-toan-bo-nho\/\" title=\"googlethcysdngrusttrongfirmwarecnhmkhcphcccliantonbnh\">Google th\u00fac \u0111\u1ea9y s\u1eed d\u1ee5ng Rust trong firmware c\u0169 nh\u1eb1m kh\u1eafc ph\u1ee5c c\u00e1c l\u1ed7i an to\u00e0n b\u1ed9 nh\u1edb<\/a>\n            <\/h3>\n        <\/header><div class=\"ebpg-entry-meta ebpg-header-meta\"><div class=\"ebpg-entry-meta-items\"><\/div><\/div><div class=\"ebpg-entry-content\"><div class=\"ebpg-grid-post-excerpt\">\n            <p>\u00d4ng l\u1edbn c\u00f4ng ngh\u1ec7 Google \u0111ang t\u00edch c\u1ef1c th\u00fac \u0111\u1ea9y vi\u1ec7c tri\u1ec3n khai ng\u00f4n ng\u1eef Rust trong c\u00e1c m\u00e3 ngu\u1ed3n firmware c\u1ea5p th\u1ea5p hi\u1ec7n c\u00f3, nh\u01b0 m\u1ed9t ph\u1ea7n trong chi\u1ebfn&#8230;<\/p>\n        <\/div><\/div><div class=\"ebpg-entry-meta ebpg-footer-meta\"><div class=\"ebpg-entry-meta-items\"><span class=\"ebpg-posted-on\">\n             <time dateTime=\"2025-06-11T10:03:52+07:00\">11\/06\/2025<\/time>\n        <\/span><\/div><\/div><\/div><\/div><\/article><\/div><p class=\"eb-no-posts eb-loadmore-no-post\" style=\"display: none;\">No more posts<\/p><div class=\"ebpostgrid-pagination ebpg-pagination \"><button class=\"btn ebpg-pagination-button\" data-pagenumber=\"1\">See more<\/button><\/div>        <\/div>\n    <\/div>\n<\/div>\n","protected":false},"excerpt":{"rendered":"","protected":false},"author":1,"featured_media":0,"parent":0,"menu_order":0,"comment_status":"closed","ping_status":"closed","template":"","meta":{"_eb_attr":"","ocean_post_layout":"right-sidebar","ocean_both_sidebars_style":"","ocean_both_sidebars_content_width":0,"ocean_both_sidebars_sidebars_width":0,"ocean_sidebar":"","ocean_second_sidebar":"","ocean_disable_margins":"enable","ocean_add_body_class":"","ocean_shortcode_before_top_bar":"","ocean_shortcode_after_top_bar":"","ocean_shortcode_before_header":"","ocean_shortcode_after_header":"","ocean_has_shortcode":"","ocean_shortcode_after_title":"","ocean_shortcode_before_footer_widgets":"","ocean_shortcode_after_footer_widgets":"","ocean_shortcode_before_footer_bottom":"","ocean_shortcode_after_footer_bottom":"","ocean_display_top_bar":"default","ocean_display_header":"default","ocean_header_style":"","ocean_center_header_left_menu":"","ocean_custom_header_template":"","ocean_custom_logo":0,"ocean_custom_retina_logo":0,"ocean_custom_logo_max_width":0,"ocean_custom_logo_tablet_max_width":0,"ocean_custom_logo_mobile_max_width":0,"ocean_custom_logo_max_height":0,"ocean_custom_logo_tablet_max_height":0,"ocean_custom_logo_mobile_max_height":0,"ocean_header_custom_menu":"","ocean_menu_typo_font_family":"","ocean_menu_typo_font_subset":"","ocean_menu_typo_font_size":0,"ocean_menu_typo_font_size_tablet":0,"ocean_menu_typo_font_size_mobile":0,"ocean_menu_typo_font_size_unit":"px","ocean_menu_typo_font_weight":"","ocean_menu_typo_font_weight_tablet":"","ocean_menu_typo_font_weight_mobile":"","ocean_menu_typo_transform":"","ocean_menu_typo_transform_tablet":"","ocean_menu_typo_transform_mobile":"","ocean_menu_typo_line_height":0,"ocean_menu_typo_line_height_tablet":0,"ocean_menu_typo_line_height_mobile":0,"ocean_menu_typo_line_height_unit":"","ocean_menu_typo_spacing":0,"ocean_menu_typo_spacing_tablet":0,"ocean_menu_typo_spacing_mobile":0,"ocean_menu_typo_spacing_unit":"","ocean_menu_link_color":"","ocean_menu_link_color_hover":"","ocean_menu_link_color_active":"","ocean_menu_link_background":"","ocean_menu_link_hover_background":"","ocean_menu_link_active_background":"","ocean_menu_social_links_bg":"","ocean_menu_social_hover_links_bg":"","ocean_menu_social_links_color":"","ocean_menu_social_hover_links_color":"","ocean_disable_title":"enable","ocean_disable_heading":"default","ocean_post_title":"","ocean_post_subheading":"","ocean_post_title_style":"","ocean_post_title_background_color":"","ocean_post_title_background":0,"ocean_post_title_bg_image_position":"","ocean_post_title_bg_image_attachment":"","ocean_post_title_bg_image_repeat":"","ocean_post_title_bg_image_size":"","ocean_post_title_height":0,"ocean_post_title_bg_overlay":0.5,"ocean_post_title_bg_overlay_color":"","ocean_disable_breadcrumbs":"default","ocean_breadcrumbs_color":"","ocean_breadcrumbs_separator_color":"","ocean_breadcrumbs_links_color":"","ocean_breadcrumbs_links_hover_color":"","ocean_display_footer_widgets":"default","ocean_display_footer_bottom":"default","ocean_custom_footer_template":"","footnotes":""},"class_list":["post-128","page","type-page","status-publish","hentry","entry"],"_links":{"self":[{"href":"https:\/\/vacif.com\/en\/wp-json\/wp\/v2\/pages\/128","targetHints":{"allow":["GET"]}}],"collection":[{"href":"https:\/\/vacif.com\/en\/wp-json\/wp\/v2\/pages"}],"about":[{"href":"https:\/\/vacif.com\/en\/wp-json\/wp\/v2\/types\/page"}],"author":[{"embeddable":true,"href":"https:\/\/vacif.com\/en\/wp-json\/wp\/v2\/users\/1"}],"replies":[{"embeddable":true,"href":"https:\/\/vacif.com\/en\/wp-json\/wp\/v2\/comments?post=128"}],"version-history":[{"count":5,"href":"https:\/\/vacif.com\/en\/wp-json\/wp\/v2\/pages\/128\/revisions"}],"predecessor-version":[{"id":26636,"href":"https:\/\/vacif.com\/en\/wp-json\/wp\/v2\/pages\/128\/revisions\/26636"}],"wp:attachment":[{"href":"https:\/\/vacif.com\/en\/wp-json\/wp\/v2\/media?parent=128"}],"curies":[{"name":"wp","href":"https:\/\/api.w.org\/{rel}","templated":true}]}}